{"id":627,"date":"2025-11-18T09:50:29","date_gmt":"2025-11-18T01:50:29","guid":{"rendered":"https:\/\/daqotransformers.com\/?post_type=product&#038;p=627"},"modified":"2025-11-18T09:50:43","modified_gmt":"2025-11-18T01:50:43","slug":"oil-immersed-distribution-transformer","status":"publish","type":"product","link":"https:\/\/daqotransformers.com\/fr\/product\/oil-immersed-distribution-transformer\/","title":{"rendered":"Transformateur de distribution immerg\u00e9 dans l'huile"},"content":{"rendered":"<p>Fonctionnant sur le principe de l'induction \u00e9lectromagn\u00e9tique, ce transformateur convertit efficacement la tension et le courant alternatifs pour faciliter la transmission et la distribution de l'\u00e9nergie \u00e9lectrique. Il est constitu\u00e9 d'un noyau ferm\u00e9 en fer lamin\u00e9 enroul\u00e9 avec deux ou plusieurs enroulements isol\u00e9s de nombres de tours diff\u00e9rents. Lorsque l'enroulement primaire est aliment\u00e9 par une alimentation en courant alternatif, un flux magn\u00e9tique alternatif est g\u00e9n\u00e9r\u00e9 dans le noyau. Ce flux induit une force \u00e9lectromotrice dans l'enroulement secondaire, ce qui permet de transformer la tension en fonction du nombre de tours entre les enroulements tout en assurant une transmission efficace de l'\u00e9nergie.<\/p>\n<div class=\"elementor-element elementor-element-d052457 elementor-widget elementor-widget-heading\" data-id=\"d052457\" data-element_type=\"widget\" data-widget_type=\"heading.default\">\n<h3 class=\"elementor-heading-title elementor-size-default\">Caract\u00e9ristiques de la distribution immerg\u00e9e dans l'huile<\/h3>\n<p>&nbsp;<\/p>\n<\/div>\n<div class=\"elementor-element elementor-element-68ac38b elementor-icon-list--layout-traditional elementor-list-item-link-full_width elementor-widget elementor-widget-icon-list\" data-id=\"68ac38b\" data-element_type=\"widget\" data-widget_type=\"icon-list.default\">\n<ul class=\"elementor-icon-list-items\">\n<li class=\"elementor-icon-list-item\"><span class=\"elementor-icon-list-text\">Milieu isolant : Utilise de l'huile min\u00e9rale ou de l'huile di\u00e9lectrique synth\u00e9tique comme principal moyen d'isolation et de refroidissement. Structure \u00e9tanche : Les enroulements et le noyau de fer sont enti\u00e8rement immerg\u00e9s dans l'huile et scell\u00e9s herm\u00e9tiquement dans un robuste r\u00e9servoir en acier.<\/span><\/li>\n<li class=\"elementor-icon-list-item\"><span class=\"elementor-icon-list-text\">Conception de la dissipation de la chaleur : Le r\u00e9servoir est \u00e9quip\u00e9 d'ailettes de refroidissement, de tubes ou de radiateurs \u00e0 l'ext\u00e9rieur, facilitant la dissipation de la chaleur par une circulation naturelle ou forc\u00e9e de l'huile.<\/span><\/li>\n<li class=\"elementor-icon-list-item\"><span class=\"elementor-icon-list-text\">Dispositifs de protection : Ils comprennent g\u00e9n\u00e9ralement un conservateur (vase d'expansion de l'huile), un reniflard, un relais Buchholz et une soupape de s\u00fbret\u00e9 pour assurer la surveillance du fonctionnement et la protection de la s\u00e9curit\u00e9.<\/span><\/li>\n<li class=\"elementor-icon-list-item\"><span class=\"elementor-icon-list-text\">Co\u00fbt des mat\u00e9riaux : Le co\u00fbt des mat\u00e9riaux est relativement faible car ils sont essentiellement fabriqu\u00e9s \u00e0 partir de carton comprim\u00e9 isolant et d'acier.<\/span><\/li>\n<\/ul>\n<p>Fiche technique des transformateurs de distribution immerg\u00e9s dans l'huile<\/p>\n<\/div>\n<div data-id=\"68ac38b\" data-element_type=\"widget\" data-widget_type=\"icon-list.default\">\n<table style=\"width: 100%;\" width=\"893\">\n<tbody>\n<tr>\n<td style=\"width: 24.6822%;\" width=\"72\">Sp\u00e9cifications<\/td>\n<td style=\"width: 75.243%;\" width=\"821\">D\u00e9tails<\/td>\n<\/tr>\n<tr>\n<td style=\"width: 24.6822%;\">Conditions d'installation<\/td>\n<td style=\"width: 75.243%;\">Ext\u00e9rieur<\/td>\n<\/tr>\n<tr>\n<td style=\"width: 24.6822%;\">Mod\u00e8le<\/td>\n<td style=\"width: 75.243%;\">S\u00e9rie S, SZ<\/td>\n<\/tr>\n<tr>\n<td style=\"width: 24.6822%;\">Plage de capacit\u00e9<\/td>\n<td style=\"width: 75.243%;\">30-31 500 kVA<\/td>\n<\/tr>\n<tr>\n<td style=\"width: 24.6822%;\" rowspan=\"3\">Tension nominale<\/td>\n<td style=\"width: 75.243%;\">Haute tension (kV) : 6, 6.6, 10, 11, 12.47, 13.2, 13.8, 15, 20, 22, 25, 33, 34.5, 35, 38.5<\/td>\n<\/tr>\n<tr>\n<td style=\"width: 75.243%;\">Basse tension (kV) : 0.38, 0.4, 0.415, 0.433, 0.48, 0.69, 0.72<\/td>\n<\/tr>\n<tr>\n<td style=\"width: 75.243%;\">Prise en charge des sp\u00e9cifications personnalis\u00e9es<\/td>\n<\/tr>\n<tr>\n<td style=\"width: 24.6822%;\">Imp\u00e9dance<\/td>\n<td style=\"width: 75.243%;\">4-10%<\/td>\n<\/tr>\n<tr>\n<td style=\"width: 24.6822%;\">Classe d'isolation<\/td>\n<td style=\"width: 75.243%;\">Classe A<\/td>\n<\/tr>\n<tr>\n<td style=\"width: 24.6822%;\">Groupe Vecteur<\/td>\n<td style=\"width: 75.243%;\">Dyn11, Yyn0, Yd11, YNd11<\/td>\n<\/tr>\n<tr>\n<td style=\"width: 24.6822%;\" rowspan=\"3\">Niveau d'isolation<\/td>\n<td style=\"width: 75.243%;\">10kV : LI75 AC35 \/ AC5<\/td>\n<\/tr>\n<tr>\n<td style=\"width: 75.243%;\">20kV : LI125 AC50 \/ AC5<\/td>\n<\/tr>\n<tr>\n<td style=\"width: 75.243%;\">35kV : LI170 AC70 \/ AC5<\/td>\n<\/tr>\n<tr>\n<td style=\"width: 24.6822%;\">Normes de conformit\u00e9<\/td>\n<td style=\"width: 75.243%;\">EN 60076, IEC 60076, CE<\/td>\n<\/tr>\n<\/tbody>\n<\/table>\n<\/div>\n<div data-id=\"68ac38b\" data-element_type=\"widget\" data-widget_type=\"icon-list.default\">\n<div class=\"elementor-element elementor-element-6c18d442 elementor-widget elementor-widget-heading\" data-id=\"6c18d442\" data-element_type=\"widget\" data-widget_type=\"heading.default\">\n<h2 class=\"elementor-heading-title elementor-size-default\">Avantages de la solution des transformateurs \u00e0 bain d'huile<\/h2>\n<\/div>\n<div class=\"elementor-element elementor-element-21c39137 e-con-full e-grid e-con e-child\" data-id=\"21c39137\" data-element_type=\"container\">\n<div class=\"elementor-element elementor-element-adc0c44 elementor-icon-list--layout-traditional elementor-list-item-link-full_width elementor-widget elementor-widget-icon-list\" data-id=\"adc0c44\" data-element_type=\"widget\" data-widget_type=\"icon-list.default\">\n<p><span class=\"elementor-icon-list-text\">1. Excellente dissipation de la chaleur et forte capacit\u00e9 de surcharge : L'huile isolante offre une conductivit\u00e9 thermique \u00e9lev\u00e9e, ce qui permet de g\u00e9rer efficacement les conditions de surcharge \u00e0 court terme.<\/span><\/p>\n<p><span class=\"elementor-icon-list-text\">2. Fiabilit\u00e9 \u00e9lev\u00e9e et longue dur\u00e9e de vie : La structure scell\u00e9e et immerg\u00e9e dans l'huile emp\u00eache efficacement le vieillissement de l'isolation, avec une dur\u00e9e de vie sup\u00e9rieure \u00e0 20 ans.<\/span><\/p>\n<p><span class=\"elementor-icon-list-text\">3. Rentabilit\u00e9 et faibles co\u00fbts d'exploitation : Les co\u00fbts de fabrication et d'acquisition sont plus comp\u00e9titifs que ceux des transformateurs de type sec, en particulier dans les applications de grande capacit\u00e9.<\/span><\/p>\n<p>4. Large gamme de capacit\u00e9s : Capable de supporter de grandes capacit\u00e9s (jusqu'\u00e0 des dizaines de MVA) et des niveaux de tension \u00e9lev\u00e9s (par exemple, plus de 35 kV) avec une relative facilit\u00e9.<\/p>\n<p>5. Technologie mature et entretien facile : Avec un si\u00e8cle de d\u00e9veloppement, le syst\u00e8me technologique de maintenance, de diagnostic et de r\u00e9paration est tr\u00e8s avanc\u00e9 et bien \u00e9tabli.<\/p>\n<p>6. Faible bruit de fonctionnement : La structure de l'huile et du r\u00e9servoir permet d'amortir les vibrations \u00e9lectromagn\u00e9tiques, ce qui permet un fonctionnement relativement silencieux.<\/p>\n<\/div>\n<\/div>\n<\/div>","protected":false},"excerpt":{"rendered":"<p>1. Conditions d'installation : Ext\u00e9rieur<br \/>\n2. Mod\u00e8le : S\u00e9rie S, SZ<br \/>\n3. Gamme de capacit\u00e9s : 30-31 500 kVA<br \/>\n4. tension nominale :<br \/>\nHaute tension (kV) :<br \/>\n6, 6.6, 10, 11, 12.47, 13.2, 13.8, 15, 20, 22, 25, 33, 34.5, 35, 38.5<br \/>\nBasse tension (kV) :<br \/>\n0.38, 0.4, 0.415, 0.433, 0.48, 0.69, 0.72<br \/>\nLes sp\u00e9cifications personnalis\u00e9es sont prises en charge.<br \/>\n5. Imp\u00e9dance : 4-10%<br \/>\n6. Classe d'isolation : Classe A<br \/>\n7.Vector Group : Dyn11, Yyn0, Yd11, YNd11<br \/>\n8 Niveau d'isolation :<br \/>\n10kV : LI75 AC35 \/ AC5<br \/>\n20kV : LI125 AC50 \/ AC5<br \/>\n35kV : LI170 AC70 \/ AC5<\/p>","protected":false},"featured_media":639,"template":"","meta":[],"product_brand":[],"product_cat":[27],"product_tag":[],"class_list":{"0":"post-627","1":"product","2":"type-product","3":"status-publish","4":"has-post-thumbnail","6":"product_cat-oil-immersed-transformer","8":"first","9":"instock","10":"shipping-taxable","11":"product-type-simple"},"_links":{"self":[{"href":"https:\/\/daqotransformers.com\/fr\/wp-json\/wp\/v2\/product\/627","targetHints":{"allow":["GET"]}}],"collection":[{"href":"https:\/\/daqotransformers.com\/fr\/wp-json\/wp\/v2\/product"}],"about":[{"href":"https:\/\/daqotransformers.com\/fr\/wp-json\/wp\/v2\/types\/product"}],"wp:featuredmedia":[{"embeddable":true,"href":"https:\/\/daqotransformers.com\/fr\/wp-json\/wp\/v2\/media\/639"}],"wp:attachment":[{"href":"https:\/\/daqotransformers.com\/fr\/wp-json\/wp\/v2\/media?parent=627"}],"wp:term":[{"taxonomy":"product_brand","embeddable":true,"href":"https:\/\/daqotransformers.com\/fr\/wp-json\/wp\/v2\/product_brand?post=627"},{"taxonomy":"product_cat","embeddable":true,"href":"https:\/\/daqotransformers.com\/fr\/wp-json\/wp\/v2\/product_cat?post=627"},{"taxonomy":"product_tag","embeddable":true,"href":"https:\/\/daqotransformers.com\/fr\/wp-json\/wp\/v2\/product_tag?post=627"}],"curies":[{"name":"wp","href":"https:\/\/api.w.org\/{rel}","templated":true}]}}